{"id":1343,"date":"2022-12-18T23:11:54","date_gmt":"2022-12-18T21:11:54","guid":{"rendered":"https:\/\/printwell.ee\/privacy-policy\/"},"modified":"2024-06-10T13:42:32","modified_gmt":"2024-06-10T10:42:32","slug":"privacy-policy","status":"publish","type":"page","link":"https:\/\/printwell.ee\/en\/privacy-policy\/","title":{"rendered":"Privacy policy"},"content":{"rendered":"\t\t<div data-elementor-type=\"wp-page\" data-elementor-id=\"1343\" class=\"elementor elementor-1343 elementor-3\" data-elementor-post-type=\"page\">\n\t\t\t\t\t\t<section class=\"elementor-section elementor-top-section elementor-element elementor-element-1387b29 elementor-section-boxed elementor-section-height-default elementor-section-height-default\" data-id=\"1387b29\" data-element_type=\"section\" data-e-type=\"section\">\n\t\t\t\t\t\t<div class=\"elementor-container elementor-column-gap-default\">\n\t\t\t\t\t<div class=\"elementor-column elementor-col-100 elementor-top-column elementor-element elementor-element-50ecf25a\" data-id=\"50ecf25a\" data-element_type=\"column\" data-e-type=\"column\">\n\t\t\t<div class=\"elementor-widget-wrap elementor-element-populated\">\n\t\t\t\t\t\t<div class=\"elementor-element elementor-element-9ca8d9d elementor-widget elementor-widget-text-editor\" data-id=\"9ca8d9d\" data-element_type=\"widget\" data-e-type=\"widget\" data-widget_type=\"text-editor.default\">\n\t\t\t\t<div class=\"elementor-widget-container\">\n\t\t\t\t\t\t\t\t\t<h2>Printwell O\u00dc Privacy Policy<\/h2>\n<h3>1. Introduction<\/h3>\n<p>Printwell O\u00dc (hereinafter referred to as &#8220;Printwell&#8221;) respects your privacy and makes every effort to protect and store your personal data in accordance with applicable data protection laws, including the EU General Data Protection Regulation (GDPR). This privacy policy (the &#8220;Privacy Policy&#8221;) describes how Printwell collects, uses, stores and protects your personal information in connection with your use of the Printwell website (the &#8220;Website&#8221;), including through the use of Google Analytics 4.<\/p>\n<h3>2. Data to be collected<\/h3>\n<p>2.1. 2.1 Printwell collects your personal information when you register as a website user, order products or services, or otherwise contact Printwell.<\/p>\n<p>2.2. 2.2 Printwell collects the following personally identifiable information: name, email address, phone number, mailing address, billing information, payment information, order history, username and password.<\/p>\n<p>2.3. 2.3 In addition, Printwell automatically collects technical information about your use of the website, including IP address, date and time of visit, devices used, browsers and operating systems. For this purpose, Printwell uses Google Analytics 4.<\/p>\n<p>2.4. 2.4 In connection with Google Analytics 4, Google Analytics collects information about your use of the website using cookies and similar technologies. Google Analytics collects and processes a variety of data, including IP addresses, device and browser information, number of visits to websites, web browsing history and similar information.<\/p>\n<h3>3. Use and processing<\/h3>\n<p>3.1. 3.1 Printwell will use your personal data only for the specific purposes of fulfilling orders, providing customer support, administering the website and collecting statistics through Google Analytics 4.<\/p>\n<p>3.2. 3.2 Printwell may use your personal information to advertise and market our products and services, but only if you have given your consent.<\/p>\n<p>3.3. 3.3 Printwell collects personal data only for a specified and legitimate purpose and processes it only to the extent necessary to achieve that purpose. Processing of personal data is only carried out on the basis permitted by law, e.g. for the performance of a contract or on the basis of the customer&#8217;s consent. Printwell processes personal data fairly, fairly and transparently.<\/p>\n<h3>4. Cookies<\/h3>\n<p>4.1. 4.1 Printwell uses cookies on its website to improve your user experience and to tailor content to your preferences. Cookies are small text files containing anonymous information that are stored on your device.<\/p>\n<p>4.2. 4.2 Printwell also uses cookies in connection with Google Analytics 4 to collect information about your use of the website and to compile website statistics. These cookies only store anonymous data, including your IP address, number of visits to websites, web browsing history and similar information.<\/p>\n<p>4.3. You can refuse the use of cookies by selecting the appropriate option in your browser settings. However, you should be aware that some website functions may not function properly without cookies. Te v\u00f5ite keelduda k\u00fcpsiste kasutamisest, valides vastava s\u00e4tte oma brauseri seadetes. However, you should be aware that some website functions may not function properly without cookies.<\/p>\n<h3>5. Data security<\/h3>\n<p>5.1. 5.1 Printwell implements technical and organizational measures to protect your personal information from unauthorized access, use, alteration and destruction. We implement security measures in line with industry best practice.<\/p>\n<p>5.2. 5.2 When you use the website and interact with Printwell electronically, your personal information is transmitted over a secure connection using the Secure Sockets Layer (SSL) and Transport Layer Security (TLS) protocols.<\/p>\n<h3>6. Rights<\/h3>\n<p>6.1. 6.1 The GDPR gives you certain rights in relation to your personal data, including the right to be informed about what personal data Printwell collects and processes about you, and the right to have your personal data corrected, supplemented, deleted or limited.<\/p>\n<p>6.2. 6.2 If you have consented to the processing of your personal data, you have the right to withdraw your consent at any time. You also have the right to lodge a complaint with a supervisory authority if you believe that your personal data has been processed unlawfully.<\/p>\n<h3>7. Contact<\/h3>\n<p>7.1. 7.1 If you have any questions about this Privacy Policy or our processing of your personal data, please contact us by email at <a href=\"&#109;a&#x69;l&#x74;o&#x3a;i&#x6e;&#102;&#x6f;&#64;&#x70;&#114;&#x69;&#110;t&#119;e&#x6c;l&#x2e;e&#x65;\" target=\"_new\">i&#110;&#x66;&#x6f;&#x40;p&#114;&#105;&#x6e;&#x74;w&#101;&#108;&#x6c;&#x2e;ee<\/a>.<\/p>\n<p>7.2. 7.2 This Privacy Policy may change from time to time. Any changes will be published on the website and, if necessary, you will be notified by e-mail. We encourage you to review this Privacy Policy periodically to be aware of changes to our data processing practices.<\/p>\n<p>Last updated: 24. April 2023.<\/p>\t\t\t\t\t\t\t\t<\/div>\n\t\t\t\t<\/div>\n\t\t\t\t\t<\/div>\n\t\t<\/div>\n\t\t\t\t\t<\/div>\n\t\t<\/section>\n\t\t\t\t<\/div>\n\t\t","protected":false},"excerpt":{"rendered":"<p>Printwell O\u00dc Privacy Policy 1. Introduction Printwell O\u00dc (hereinafter referred to as &#8220;Printwell&#8221;) respects your privacy and makes every effort to protect and store your personal data in accordance with applicable data protection laws, including the EU General Data Protection Regulation (GDPR). This privacy policy (the &#8220;Privacy Policy&#8221;) describes how Printwell collects, uses, stores and [&hellip;]<\/p>\n","protected":false},"author":1,"featured_media":0,"parent":0,"menu_order":0,"comment_status":"closed","ping_status":"open","template":"","meta":{"footnotes":""},"class_list":["post-1343","page","type-page","status-publish","hentry"],"yoast_head":"<!-- This site is optimized with the Yoast SEO plugin v26.9 - https:\/\/yoast.com\/product\/yoast-seo-wordpress\/ -->\n<title>Privacy policy - Printwell<\/title>\n<meta name=\"robots\" content=\"index, follow, max-snippet:-1, max-image-preview:large, max-video-preview:-1\" \/>\n<link rel=\"canonical\" href=\"https:\/\/printwell.ee\/en\/privacy-policy\/\" \/>\n<meta property=\"og:locale\" content=\"en_US\" \/>\n<meta property=\"og:type\" content=\"article\" \/>\n<meta property=\"og:title\" content=\"Privacy policy - Printwell\" \/>\n<meta property=\"og:description\" content=\"Printwell O\u00dc Privacy Policy 1. Introduction Printwell O\u00dc (hereinafter referred to as &#8220;Printwell&#8221;) respects your privacy and makes every effort to protect and store your personal data in accordance with applicable data protection laws, including the EU General Data Protection Regulation (GDPR). This privacy policy (the &#8220;Privacy Policy&#8221;) describes how Printwell collects, uses, stores and [&hellip;]\" \/>\n<meta property=\"og:url\" content=\"https:\/\/printwell.ee\/en\/privacy-policy\/\" \/>\n<meta property=\"og:site_name\" content=\"Printwell\" \/>\n<meta property=\"article:modified_time\" content=\"2024-06-10T10:42:32+00:00\" \/>\n<meta name=\"twitter:card\" content=\"summary_large_image\" \/>\n<meta name=\"twitter:label1\" content=\"Est. reading time\" \/>\n\t<meta name=\"twitter:data1\" content=\"3 minutes\" \/>\n<script type=\"application\/ld+json\" class=\"yoast-schema-graph\">{\"@context\":\"https:\/\/schema.org\",\"@graph\":[{\"@type\":\"WebPage\",\"@id\":\"https:\/\/printwell.ee\/en\/privacy-policy\/\",\"url\":\"https:\/\/printwell.ee\/en\/privacy-policy\/\",\"name\":\"Privacy policy - Printwell\",\"isPartOf\":{\"@id\":\"https:\/\/printwell.ee\/en\/#website\"},\"datePublished\":\"2022-12-18T21:11:54+00:00\",\"dateModified\":\"2024-06-10T10:42:32+00:00\",\"breadcrumb\":{\"@id\":\"https:\/\/printwell.ee\/en\/privacy-policy\/#breadcrumb\"},\"inLanguage\":\"en-US\",\"potentialAction\":[{\"@type\":\"ReadAction\",\"target\":[\"https:\/\/printwell.ee\/en\/privacy-policy\/\"]}]},{\"@type\":\"BreadcrumbList\",\"@id\":\"https:\/\/printwell.ee\/en\/privacy-policy\/#breadcrumb\",\"itemListElement\":[{\"@type\":\"ListItem\",\"position\":1,\"name\":\"Home\",\"item\":\"https:\/\/printwell.ee\/en\/homepage\/\"},{\"@type\":\"ListItem\",\"position\":2,\"name\":\"Privacy policy\"}]},{\"@type\":\"WebSite\",\"@id\":\"https:\/\/printwell.ee\/en\/#website\",\"url\":\"https:\/\/printwell.ee\/en\/\",\"name\":\"Printwell\",\"description\":\"Tr\u00fckiteenused aastast 1995\",\"publisher\":{\"@id\":\"https:\/\/printwell.ee\/en\/#organization\"},\"potentialAction\":[{\"@type\":\"SearchAction\",\"target\":{\"@type\":\"EntryPoint\",\"urlTemplate\":\"https:\/\/printwell.ee\/en\/?s={search_term_string}\"},\"query-input\":{\"@type\":\"PropertyValueSpecification\",\"valueRequired\":true,\"valueName\":\"search_term_string\"}}],\"inLanguage\":\"en-US\"},{\"@type\":\"Organization\",\"@id\":\"https:\/\/printwell.ee\/en\/#organization\",\"name\":\"Printwell\",\"url\":\"https:\/\/printwell.ee\/en\/\",\"logo\":{\"@type\":\"ImageObject\",\"inLanguage\":\"en-US\",\"@id\":\"https:\/\/printwell.ee\/en\/#\/schema\/logo\/image\/\",\"url\":\"https:\/\/printwell.ee\/wp-content\/uploads\/2022\/12\/printwell_logo_h-1.svg\",\"contentUrl\":\"https:\/\/printwell.ee\/wp-content\/uploads\/2022\/12\/printwell_logo_h-1.svg\",\"width\":528,\"height\":172,\"caption\":\"Printwell\"},\"image\":{\"@id\":\"https:\/\/printwell.ee\/en\/#\/schema\/logo\/image\/\"}}]}<\/script>\n<!-- \/ Yoast SEO plugin. -->","yoast_head_json":{"title":"Privacy policy - Printwell","robots":{"index":"index","follow":"follow","max-snippet":"max-snippet:-1","max-image-preview":"max-image-preview:large","max-video-preview":"max-video-preview:-1"},"canonical":"https:\/\/printwell.ee\/en\/privacy-policy\/","og_locale":"en_US","og_type":"article","og_title":"Privacy policy - Printwell","og_description":"Printwell O\u00dc Privacy Policy 1. Introduction Printwell O\u00dc (hereinafter referred to as &#8220;Printwell&#8221;) respects your privacy and makes every effort to protect and store your personal data in accordance with applicable data protection laws, including the EU General Data Protection Regulation (GDPR). This privacy policy (the &#8220;Privacy Policy&#8221;) describes how Printwell collects, uses, stores and [&hellip;]","og_url":"https:\/\/printwell.ee\/en\/privacy-policy\/","og_site_name":"Printwell","article_modified_time":"2024-06-10T10:42:32+00:00","twitter_card":"summary_large_image","twitter_misc":{"Est. reading time":"3 minutes"},"schema":{"@context":"https:\/\/schema.org","@graph":[{"@type":"WebPage","@id":"https:\/\/printwell.ee\/en\/privacy-policy\/","url":"https:\/\/printwell.ee\/en\/privacy-policy\/","name":"Privacy policy - Printwell","isPartOf":{"@id":"https:\/\/printwell.ee\/en\/#website"},"datePublished":"2022-12-18T21:11:54+00:00","dateModified":"2024-06-10T10:42:32+00:00","breadcrumb":{"@id":"https:\/\/printwell.ee\/en\/privacy-policy\/#breadcrumb"},"inLanguage":"en-US","potentialAction":[{"@type":"ReadAction","target":["https:\/\/printwell.ee\/en\/privacy-policy\/"]}]},{"@type":"BreadcrumbList","@id":"https:\/\/printwell.ee\/en\/privacy-policy\/#breadcrumb","itemListElement":[{"@type":"ListItem","position":1,"name":"Home","item":"https:\/\/printwell.ee\/en\/homepage\/"},{"@type":"ListItem","position":2,"name":"Privacy policy"}]},{"@type":"WebSite","@id":"https:\/\/printwell.ee\/en\/#website","url":"https:\/\/printwell.ee\/en\/","name":"Printwell","description":"Tr\u00fckiteenused aastast 1995","publisher":{"@id":"https:\/\/printwell.ee\/en\/#organization"},"potentialAction":[{"@type":"SearchAction","target":{"@type":"EntryPoint","urlTemplate":"https:\/\/printwell.ee\/en\/?s={search_term_string}"},"query-input":{"@type":"PropertyValueSpecification","valueRequired":true,"valueName":"search_term_string"}}],"inLanguage":"en-US"},{"@type":"Organization","@id":"https:\/\/printwell.ee\/en\/#organization","name":"Printwell","url":"https:\/\/printwell.ee\/en\/","logo":{"@type":"ImageObject","inLanguage":"en-US","@id":"https:\/\/printwell.ee\/en\/#\/schema\/logo\/image\/","url":"https:\/\/printwell.ee\/wp-content\/uploads\/2022\/12\/printwell_logo_h-1.svg","contentUrl":"https:\/\/printwell.ee\/wp-content\/uploads\/2022\/12\/printwell_logo_h-1.svg","width":528,"height":172,"caption":"Printwell"},"image":{"@id":"https:\/\/printwell.ee\/en\/#\/schema\/logo\/image\/"}}]}},"_links":{"self":[{"href":"https:\/\/printwell.ee\/en\/wp-json\/wp\/v2\/pages\/1343","targetHints":{"allow":["GET"]}}],"collection":[{"href":"https:\/\/printwell.ee\/en\/wp-json\/wp\/v2\/pages"}],"about":[{"href":"https:\/\/printwell.ee\/en\/wp-json\/wp\/v2\/types\/page"}],"author":[{"embeddable":true,"href":"https:\/\/printwell.ee\/en\/wp-json\/wp\/v2\/users\/1"}],"replies":[{"embeddable":true,"href":"https:\/\/printwell.ee\/en\/wp-json\/wp\/v2\/comments?post=1343"}],"version-history":[{"count":3,"href":"https:\/\/printwell.ee\/en\/wp-json\/wp\/v2\/pages\/1343\/revisions"}],"predecessor-version":[{"id":1346,"href":"https:\/\/printwell.ee\/en\/wp-json\/wp\/v2\/pages\/1343\/revisions\/1346"}],"wp:attachment":[{"href":"https:\/\/printwell.ee\/en\/wp-json\/wp\/v2\/media?parent=1343"}],"curies":[{"name":"wp","href":"https:\/\/api.w.org\/{rel}","templated":true}]}}